{"id":1961,"date":"2020-12-05T15:11:09","date_gmt":"2020-12-05T13:11:09","guid":{"rendered":"https:\/\/sumuusvan.fi\/design\/?page_id=1961"},"modified":"2020-12-06T16:04:54","modified_gmt":"2020-12-06T14:04:54","slug":"tarjouspyynto","status":"publish","type":"page","link":"https:\/\/sumuusvan.fi\/design\/tarjouspyynto\/","title":{"rendered":"Tarjouspyynt\u00f6"},"content":{"rendered":"[vc_row type=&#8221;in_container&#8221; full_screen_row_position=&#8221;middle&#8221; column_margin=&#8221;default&#8221; column_direction=&#8221;default&#8221; column_direction_tablet=&#8221;default&#8221; column_direction_phone=&#8221;default&#8221; scene_position=&#8221;center&#8221; text_color=&#8221;dark&#8221; text_align=&#8221;left&#8221; row_border_radius=&#8221;none&#8221; row_border_radius_applies=&#8221;bg&#8221; overlay_strength=&#8221;0.3&#8243; gradient_direction=&#8221;left_to_right&#8221; shape_divider_position=&#8221;bottom&#8221; bg_image_animation=&#8221;none&#8221;][vc_column column_padding=&#8221;no-extra-padding&#8221; column_padding_tablet=&#8221;inherit&#8221; column_padding_phone=&#8221;inherit&#8221; column_padding_position=&#8221;all&#8221; background_color_opacity=&#8221;1&#8243; background_hover_color_opacity=&#8221;1&#8243; column_shadow=&#8221;none&#8221; column_border_radius=&#8221;none&#8221; column_link_target=&#8221;_self&#8221; gradient_direction=&#8221;left_to_right&#8221; overlay_strength=&#8221;0.3&#8243; width=&#8221;1\/1&#8243; tablet_width_inherit=&#8221;default&#8221; tablet_text_alignment=&#8221;default&#8221; phone_text_alignment=&#8221;default&#8221; column_border_width=&#8221;none&#8221; column_border_style=&#8221;solid&#8221; bg_image_animation=&#8221;none&#8221;][vc_custom_heading text=&#8221;Tilaa tuote omalla kuvalla&#8221; use_theme_fonts=&#8221;yes&#8221;][vc_column_text]Tuotteita voi tilata my\u00f6s omalla kuvalla. Alla muutamia esimerkkej\u00e4.[\/vc_column_text][vc_gallery type=&#8221;image_grid&#8221; images=&#8221;1691,1567,1693,1689,1964,1694&#8243; layout=&#8221;4&#8243; item_spacing=&#8221;default&#8221; gallery_style=&#8221;7&#8243; load_in_animation=&#8221;none&#8221;][vc_column_text]Jos haluat tuotteen omalla kuvalla, l\u00e4het\u00e4 ao. lomakkeella tiedot ja kuva, niin teen tarjouksen tuotteesta.[\/vc_column_text][\/vc_column][\/vc_row][vc_row type=&#8221;in_container&#8221; full_screen_row_position=&#8221;middle&#8221; column_margin=&#8221;default&#8221; column_direction=&#8221;default&#8221; column_direction_tablet=&#8221;default&#8221; column_direction_phone=&#8221;default&#8221; scene_position=&#8221;center&#8221; text_color=&#8221;dark&#8221; text_align=&#8221;left&#8221; row_border_radius=&#8221;none&#8221; row_border_radius_applies=&#8221;bg&#8221; overlay_strength=&#8221;0.3&#8243; gradient_direction=&#8221;left_to_right&#8221; shape_divider_position=&#8221;bottom&#8221; bg_image_animation=&#8221;none&#8221;][vc_column column_padding=&#8221;no-extra-padding&#8221; column_padding_tablet=&#8221;inherit&#8221; column_padding_phone=&#8221;inherit&#8221; column_padding_position=&#8221;all&#8221; background_color_opacity=&#8221;1&#8243; background_hover_color_opacity=&#8221;1&#8243; column_shadow=&#8221;none&#8221; column_border_radius=&#8221;none&#8221; column_link_target=&#8221;_self&#8221; gradient_direction=&#8221;left_to_right&#8221; overlay_strength=&#8221;0.3&#8243; width=&#8221;1\/1&#8243; tablet_width_inherit=&#8221;default&#8221; tablet_text_alignment=&#8221;default&#8221; phone_text_alignment=&#8221;default&#8221; column_border_width=&#8221;none&#8221; column_border_style=&#8221;solid&#8221; bg_image_animation=&#8221;none&#8221;][vc_custom_heading text=&#8221;Tarjouspyynt\u00f6lomake&#8221; use_theme_fonts=&#8221;yes&#8221;]<div class=\"wpforms-container wpforms-container-full\" id=\"wpforms-1626\"><form id=\"wpforms-form-1626\" class=\"wpforms-validate wpforms-form\" data-formid=\"1626\" method=\"post\" enctype=\"multipart\/form-data\" action=\"\/design\/wp-json\/wp\/v2\/pages\/1961?wpforms_form_id=1626\" data-token=\"fd936fd9a122ad8b37b02613bd193acd\"><noscript class=\"wpforms-error-noscript\">Please enable JavaScript in your browser to complete this form.<\/noscript><div class=\"wpforms-field-container\"><div id=\"wpforms-1626-field_0-container\" class=\"wpforms-field wpforms-field-name\" data-field-id=\"0\"><label class=\"wpforms-field-label\" for=\"wpforms-1626-field_0\">Nimi <span class=\"wpforms-required-label\">*<\/span><\/label><div class=\"wpforms-field-row wpforms-field-medium\"><div class=\"wpforms-field-row-block wpforms-first wpforms-one-half\"><input type=\"text\" id=\"wpforms-1626-field_0\" class=\"wpforms-field-name-first wpforms-field-required\" name=\"wpforms[fields][0][first]\" placeholder=\"Etunimi\" required><label for=\"wpforms-1626-field_0\" class=\"wpforms-field-sublabel after wpforms-sublabel-hide\">First<\/label><\/div><div class=\"wpforms-field-row-block wpforms-one-half\"><input type=\"text\" id=\"wpforms-1626-field_0-last\" class=\"wpforms-field-name-last wpforms-field-required\" name=\"wpforms[fields][0][last]\" placeholder=\"Sukunimi\" required><label for=\"wpforms-1626-field_0-last\" class=\"wpforms-field-sublabel after wpforms-sublabel-hide\">Last<\/label><\/div><\/div><\/div><div id=\"wpforms-1626-field_2-container\" class=\"wpforms-field wpforms-field-email\" data-field-id=\"2\"><label class=\"wpforms-field-label\" for=\"wpforms-1626-field_2\">S\u00e4hk\u00f6postiosoite <span class=\"wpforms-required-label\">*<\/span><\/label><input type=\"email\" id=\"wpforms-1626-field_2\" class=\"wpforms-field-medium wpforms-field-required\" name=\"wpforms[fields][2]\" required><\/div><div id=\"wpforms-1626-field_3-container\" class=\"wpforms-field wpforms-field-phone\" data-field-id=\"3\"><label class=\"wpforms-field-label\" for=\"wpforms-1626-field_3\">Puhelin<\/label><input type=\"tel\" id=\"wpforms-1626-field_3\" class=\"wpforms-field-medium\" data-rule-int-phone-field=\"true\" name=\"wpforms[fields][3]\" ><\/div><div id=\"wpforms-1626-field_7-container\" class=\"wpforms-field wpforms-field-select wpforms-field-select-style-classic\" data-field-id=\"7\"><label class=\"wpforms-field-label\" for=\"wpforms-1626-field_7\">Tuote<\/label><select id=\"wpforms-1626-field_7\" class=\"wpforms-field-medium\" name=\"wpforms[fields][7]\"><option value=\"Iso 2-reik\u00e4inen kuksa\" >Iso 2-reik\u00e4inen kuksa<\/option><option value=\"Iso 2-reik\u00e4inen kuksa luukoristeella\" >Iso 2-reik\u00e4inen kuksa luukoristeella<\/option><option value=\"Pieni 2-reik\u00e4inen kuksa\" >Pieni 2-reik\u00e4inen kuksa<\/option><option value=\"Kello\" >Kello<\/option><option value=\"L\u00e4mp\u00f6mittari\" >L\u00e4mp\u00f6mittari<\/option><option value=\"Saunamittari\" >Saunamittari<\/option><option value=\"Sauna , WC kyltit\" >Sauna , WC kyltit<\/option><option value=\"Ovi,-kennel,-yrityskyltit\" >Ovi,-kennel,-yrityskyltit<\/option><option value=\"Taskumatti\" >Taskumatti<\/option><option value=\"Vieraskirja\" >Vieraskirja<\/option><\/select><\/div><div id=\"wpforms-1626-field_4-container\" class=\"wpforms-field wpforms-field-textarea\" data-field-id=\"4\"><label class=\"wpforms-field-label\" for=\"wpforms-1626-field_4\">Viesti <span class=\"wpforms-required-label\">*<\/span><\/label><textarea id=\"wpforms-1626-field_4\" class=\"wpforms-field-medium wpforms-field-required\" name=\"wpforms[fields][4]\" required><\/textarea><\/div><div id=\"wpforms-1626-field_5-container\" class=\"wpforms-field wpforms-field-file-upload\" data-field-id=\"5\"><label class=\"wpforms-field-label\" for=\"wpforms-1626-field_5\">L\u00e4het\u00e4 oma kuva<\/label><div class=\"wpforms-uploader\"\n\tdata-field-id=\"5\"\n\tdata-form-id=\"1626\"\n\tdata-input-name=\"wpforms_1626_5\"\n\tdata-extensions=\"jpg,jpeg,jpe,png,gif,mov,qt,avi,mpeg,mpg,mpe,3gp,3gpp,3g2,3gp2,mid,midi,pdf,doc,docx,docm,pot,pps,ppt,pptx,pptm,odt,ppsx,ppsm,xla,xls,xlt,xlw,xlsx,xlsm,xlsb,key,mp3,m4a,m4b,ogg,oga,flac,wav,mp4,m4v,webm,ogv,redux\"\n\tdata-max-size=\"25600000\"\n\tdata-max-file-number=\"1\"\n\tdata-post-max-size=\"25600000\"\n    data-max-parallel-uploads=\"4\"\n    data-parallel-uploads=\"true\"\n\tdata-file-chunk-size=\"2097152\">\n\t<div class=\"dz-message\">\n\t\t<svg viewBox=\"0 0 1024 1024\" focusable=\"false\" class=\"\" data-icon=\"inbox\" width=\"50px\" height=\"50px\" fill=\"#B1B1B1\" aria-hidden=\"true\"><path d=\"M885.2 446.3l-.2-.8-112.2-285.1c-5-16.1-19.9-27.2-36.8-27.2H281.2c-17 0-32.1 11.3-36.9 27.6L139.4 443l-.3.7-.2.8c-1.3 4.9-1.7 9.9-1 14.8-.1 1.6-.2 3.2-.2 4.8V830a60.9 60.9 0 0 0 60.8 60.8h627.2c33.5 0 60.8-27.3 60.9-60.8V464.1c0-1.3 0-2.6-.1-3.7.4-4.9 0-9.6-1.3-14.1zm-295.8-43l-.3 15.7c-.8 44.9-31.8 75.1-77.1 75.1-22.1 0-41.1-7.1-54.8-20.6S436 441.2 435.6 419l-.3-15.7H229.5L309 210h399.2l81.7 193.3H589.4zm-375 76.8h157.3c24.3 57.1 76 90.8 140.4 90.8 33.7 0 65-9.4 90.3-27.2 22.2-15.6 39.5-37.4 50.7-63.6h156.5V814H214.4V480.1z\"><\/path><\/svg>\n\t\t<span class=\"modern-title\">\n\t\t\tClick or drag a file to this area to upload.\t\t<\/span>\n\n\t\t\t<\/div>\n<\/div>\n<input type=\"text\" class=\"dropzone-input\"\n\tstyle=\"position:absolute!important;clip:rect(0,0,0,0)!important;height:1px!important;width:1px!important;border:0!important;overflow:hidden!important;padding:0!important;margin:0!important;\"\n\tid=\"wpforms-1626-field_5\"\n\tname=\"wpforms_1626_5\" >\n<\/div><\/div><div class=\"wpforms-submit-container\" ><input type=\"hidden\" name=\"wpforms[id]\" value=\"1626\"><input type=\"hidden\" name=\"wpforms[author]\" value=\"2\"><button type=\"submit\" name=\"wpforms[submit]\" class=\"wpforms-submit \" id=\"wpforms-submit-1626\" value=\"wpforms-submit\" aria-live=\"assertive\" data-alt-text=\"L\u00e4hetet\u00e4\u00e4n...\" data-submit-text=\"L\u00e4het\u00e4\">L\u00e4het\u00e4<\/button><\/div><\/form><\/div>  <!-- .wpforms-container -->[\/vc_column][\/vc_row]\n","protected":false},"excerpt":{"rendered":"<p>[vc_row type=&#8221;in_container&#8221; full_screen_row_position=&#8221;middle&#8221; column_margin=&#8221;default&#8221; column_direction=&#8221;default&#8221; column_direction_tablet=&#8221;default&#8221; column_direction_phone=&#8221;default&#8221; scene_position=&#8221;center&#8221; text_color=&#8221;dark&#8221; text_align=&#8221;left&#8221; row_border_radius=&#8221;none&#8221; row_border_radius_applies=&#8221;bg&#8221; overlay_strength=&#8221;0.3&#8243; gradient_direction=&#8221;left_to_right&#8221; shape_divider_position=&#8221;bottom&#8221; bg_image_animation=&#8221;none&#8221;][vc_column column_padding=&#8221;no-extra-padding&#8221; column_padding_tablet=&#8221;inherit&#8221; column_padding_phone=&#8221;inherit&#8221; column_padding_position=&#8221;all&#8221; background_color_opacity=&#8221;1&#8243; background_hover_color_opacity=&#8221;1&#8243; column_shadow=&#8221;none&#8221; column_border_radius=&#8221;none&#8221; column_link_target=&#8221;_self&#8221; gradient_direction=&#8221;left_to_right&#8221; overlay_strength=&#8221;0.3&#8243; width=&#8221;1\/1&#8243; tablet_width_inherit=&#8221;default&#8221; tablet_text_alignment=&#8221;default&#8221;&#8230;<\/p>\n","protected":false},"author":2,"featured_media":0,"parent":0,"menu_order":0,"comment_status":"closed","ping_status":"closed","template":"","meta":[],"yoast_head":"<!-- This site is optimized with the Yoast SEO plugin v20.6 - https:\/\/yoast.com\/wordpress\/plugins\/seo\/ -->\n<title>Tarjouspyynt\u00f6 - Sumu Usvan Design<\/title>\n<meta name=\"robots\" content=\"index, follow, max-snippet:-1, max-image-preview:large, max-video-preview:-1\" \/>\n<link rel=\"canonical\" href=\"https:\/\/sumuusvan.fi\/design\/tarjouspyynto\/\" \/>\n<meta property=\"og:locale\" content=\"fi_FI\" \/>\n<meta property=\"og:type\" content=\"article\" \/>\n<meta property=\"og:title\" content=\"Tarjouspyynt\u00f6 - Sumu Usvan Design\" \/>\n<meta property=\"og:description\" content=\"[vc_row type=&#8221;in_container&#8221; full_screen_row_position=&#8221;middle&#8221; column_margin=&#8221;default&#8221; column_direction=&#8221;default&#8221; column_direction_tablet=&#8221;default&#8221; column_direction_phone=&#8221;default&#8221; scene_position=&#8221;center&#8221; text_color=&#8221;dark&#8221; text_align=&#8221;left&#8221; row_border_radius=&#8221;none&#8221; row_border_radius_applies=&#8221;bg&#8221; overlay_strength=&#8221;0.3&#8243; gradient_direction=&#8221;left_to_right&#8221; shape_divider_position=&#8221;bottom&#8221; bg_image_animation=&#8221;none&#8221;][vc_column column_padding=&#8221;no-extra-padding&#8221; column_padding_tablet=&#8221;inherit&#8221; column_padding_phone=&#8221;inherit&#8221; column_padding_position=&#8221;all&#8221; background_color_opacity=&#8221;1&#8243; background_hover_color_opacity=&#8221;1&#8243; column_shadow=&#8221;none&#8221; column_border_radius=&#8221;none&#8221; column_link_target=&#8221;_self&#8221; gradient_direction=&#8221;left_to_right&#8221; overlay_strength=&#8221;0.3&#8243; width=&#8221;1\/1&#8243; tablet_width_inherit=&#8221;default&#8221; tablet_text_alignment=&#8221;default&#8221;...\" \/>\n<meta property=\"og:url\" content=\"https:\/\/sumuusvan.fi\/design\/tarjouspyynto\/\" \/>\n<meta property=\"og:site_name\" content=\"Sumu Usvan Design\" \/>\n<meta property=\"article:modified_time\" content=\"2020-12-06T14:04:54+00:00\" \/>\n<meta name=\"twitter:card\" content=\"summary_large_image\" \/>\n<meta name=\"twitter:label1\" content=\"Arvioitu lukuaika\" \/>\n\t<meta name=\"twitter:data1\" content=\"2 minuuttia\" \/>\n<script type=\"application\/ld+json\" class=\"yoast-schema-graph\">{\"@context\":\"https:\/\/schema.org\",\"@graph\":[{\"@type\":\"WebPage\",\"@id\":\"https:\/\/sumuusvan.fi\/design\/tarjouspyynto\/\",\"url\":\"https:\/\/sumuusvan.fi\/design\/tarjouspyynto\/\",\"name\":\"Tarjouspyynt\u00f6 - Sumu Usvan Design\",\"isPartOf\":{\"@id\":\"https:\/\/sumuusvan.fi\/design\/#website\"},\"datePublished\":\"2020-12-05T13:11:09+00:00\",\"dateModified\":\"2020-12-06T14:04:54+00:00\",\"breadcrumb\":{\"@id\":\"https:\/\/sumuusvan.fi\/design\/tarjouspyynto\/#breadcrumb\"},\"inLanguage\":\"fi\",\"potentialAction\":[{\"@type\":\"ReadAction\",\"target\":[\"https:\/\/sumuusvan.fi\/design\/tarjouspyynto\/\"]}]},{\"@type\":\"BreadcrumbList\",\"@id\":\"https:\/\/sumuusvan.fi\/design\/tarjouspyynto\/#breadcrumb\",\"itemListElement\":[{\"@type\":\"ListItem\",\"position\":1,\"name\":\"Home\",\"item\":\"https:\/\/sumuusvan.fi\/design\/\"},{\"@type\":\"ListItem\",\"position\":2,\"name\":\"Tarjouspyynt\u00f6\"}]},{\"@type\":\"WebSite\",\"@id\":\"https:\/\/sumuusvan.fi\/design\/#website\",\"url\":\"https:\/\/sumuusvan.fi\/design\/\",\"name\":\"Sumu Usvan Design\",\"description\":\"Lappilaisia k\u00e4sit\u00f6it\u00e4\",\"potentialAction\":[{\"@type\":\"SearchAction\",\"target\":{\"@type\":\"EntryPoint\",\"urlTemplate\":\"https:\/\/sumuusvan.fi\/design\/?s={search_term_string}\"},\"query-input\":\"required name=search_term_string\"}],\"inLanguage\":\"fi\"}]}<\/script>\n<!-- \/ Yoast SEO plugin. -->","yoast_head_json":{"title":"Tarjouspyynt\u00f6 - Sumu Usvan Design","robots":{"index":"index","follow":"follow","max-snippet":"max-snippet:-1","max-image-preview":"max-image-preview:large","max-video-preview":"max-video-preview:-1"},"canonical":"https:\/\/sumuusvan.fi\/design\/tarjouspyynto\/","og_locale":"fi_FI","og_type":"article","og_title":"Tarjouspyynt\u00f6 - Sumu Usvan Design","og_description":"[vc_row type=&#8221;in_container&#8221; full_screen_row_position=&#8221;middle&#8221; column_margin=&#8221;default&#8221; column_direction=&#8221;default&#8221; column_direction_tablet=&#8221;default&#8221; column_direction_phone=&#8221;default&#8221; scene_position=&#8221;center&#8221; text_color=&#8221;dark&#8221; text_align=&#8221;left&#8221; row_border_radius=&#8221;none&#8221; row_border_radius_applies=&#8221;bg&#8221; overlay_strength=&#8221;0.3&#8243; gradient_direction=&#8221;left_to_right&#8221; shape_divider_position=&#8221;bottom&#8221; bg_image_animation=&#8221;none&#8221;][vc_column column_padding=&#8221;no-extra-padding&#8221; column_padding_tablet=&#8221;inherit&#8221; column_padding_phone=&#8221;inherit&#8221; column_padding_position=&#8221;all&#8221; background_color_opacity=&#8221;1&#8243; background_hover_color_opacity=&#8221;1&#8243; column_shadow=&#8221;none&#8221; column_border_radius=&#8221;none&#8221; column_link_target=&#8221;_self&#8221; gradient_direction=&#8221;left_to_right&#8221; overlay_strength=&#8221;0.3&#8243; width=&#8221;1\/1&#8243; tablet_width_inherit=&#8221;default&#8221; tablet_text_alignment=&#8221;default&#8221;...","og_url":"https:\/\/sumuusvan.fi\/design\/tarjouspyynto\/","og_site_name":"Sumu Usvan Design","article_modified_time":"2020-12-06T14:04:54+00:00","twitter_card":"summary_large_image","twitter_misc":{"Arvioitu lukuaika":"2 minuuttia"},"schema":{"@context":"https:\/\/schema.org","@graph":[{"@type":"WebPage","@id":"https:\/\/sumuusvan.fi\/design\/tarjouspyynto\/","url":"https:\/\/sumuusvan.fi\/design\/tarjouspyynto\/","name":"Tarjouspyynt\u00f6 - Sumu Usvan Design","isPartOf":{"@id":"https:\/\/sumuusvan.fi\/design\/#website"},"datePublished":"2020-12-05T13:11:09+00:00","dateModified":"2020-12-06T14:04:54+00:00","breadcrumb":{"@id":"https:\/\/sumuusvan.fi\/design\/tarjouspyynto\/#breadcrumb"},"inLanguage":"fi","potentialAction":[{"@type":"ReadAction","target":["https:\/\/sumuusvan.fi\/design\/tarjouspyynto\/"]}]},{"@type":"BreadcrumbList","@id":"https:\/\/sumuusvan.fi\/design\/tarjouspyynto\/#breadcrumb","itemListElement":[{"@type":"ListItem","position":1,"name":"Home","item":"https:\/\/sumuusvan.fi\/design\/"},{"@type":"ListItem","position":2,"name":"Tarjouspyynt\u00f6"}]},{"@type":"WebSite","@id":"https:\/\/sumuusvan.fi\/design\/#website","url":"https:\/\/sumuusvan.fi\/design\/","name":"Sumu Usvan Design","description":"Lappilaisia k\u00e4sit\u00f6it\u00e4","potentialAction":[{"@type":"SearchAction","target":{"@type":"EntryPoint","urlTemplate":"https:\/\/sumuusvan.fi\/design\/?s={search_term_string}"},"query-input":"required name=search_term_string"}],"inLanguage":"fi"}]}},"_links":{"self":[{"href":"https:\/\/sumuusvan.fi\/design\/wp-json\/wp\/v2\/pages\/1961"}],"collection":[{"href":"https:\/\/sumuusvan.fi\/design\/wp-json\/wp\/v2\/pages"}],"about":[{"href":"https:\/\/sumuusvan.fi\/design\/wp-json\/wp\/v2\/types\/page"}],"author":[{"embeddable":true,"href":"https:\/\/sumuusvan.fi\/design\/wp-json\/wp\/v2\/users\/2"}],"replies":[{"embeddable":true,"href":"https:\/\/sumuusvan.fi\/design\/wp-json\/wp\/v2\/comments?post=1961"}],"version-history":[{"count":0,"href":"https:\/\/sumuusvan.fi\/design\/wp-json\/wp\/v2\/pages\/1961\/revisions"}],"wp:attachment":[{"href":"https:\/\/sumuusvan.fi\/design\/wp-json\/wp\/v2\/media?parent=1961"}],"curies":[{"name":"wp","href":"https:\/\/api.w.org\/{rel}","templated":true}]}}