{"id":1633,"date":"2020-11-24T14:15:22","date_gmt":"2020-11-24T12:15:22","guid":{"rendered":"https:\/\/sumuusvan.fi\/design\/?post_type=product&#038;p=1633"},"modified":"2024-09-02T11:23:20","modified_gmt":"2024-09-02T08:23:20","slug":"snapsi-kaulakuksa","status":"publish","type":"product","link":"https:\/\/sumuusvan.fi\/design\/tuote\/snapsi-kaulakuksa\/","title":{"rendered":"Snapsi\/ kaulakuksa"},"content":{"rendered":"<p>Aito kotimainen k\u00e4sity\u00f6n\u00e4 valmistettu snapsikuksa ,josta voi nauttia piene ter\u00e4v\u00e4n juoman. Kuksa on valmistettu k\u00e4sity\u00f6n\u00e4 samoin kuin jokainen kuva, niinp\u00e4 jokainen kuksa on\u00a0 t\u00e4ysin uniikki. Vaikka kuva-aihe olisikin sama, silti jokainen on omanlaisensa.<\/p>\n<p>Kuksa on aito luonnontuote ja se on valmistettu koivun pahkasta.<\/p>\n<p>Kuksan hoito-ohje: K\u00e4yt\u00f6n j\u00e4lkeen kuksa huuhdellaan pelk\u00e4ll\u00e4 vedell\u00e4 ja laitetaan kuivumaan. Ei saa k\u00e4ytt\u00e4\u00e4 pesuainetta, eik\u00e4 laittaa pesukoneeseen. \u00c4l\u00e4 j\u00e4t\u00e4 mit\u00e4\u00e4n nestett\u00e4 pitemm\u00e4ksi aikaa kuksaan, muutoin kuksa halkeaa. Oikein k\u00e4ytettyn\u00e4 kuksa palvelee vuosikymmeni\u00e4.<\/p>\n<p>Halutessasi saat kuksaan nimen, esim kahvaan tai esim p\u00e4iv\u00e4m\u00e4\u00e4r\u00e4n. Sis\u00e4ltyy hintaan.<\/p>\n","protected":false},"excerpt":{"rendered":"<p>Aito kotimainen k\u00e4sity\u00f6n\u00e4 valmistettu snapsikuksa ,josta voi nauttia piene ter\u00e4v\u00e4n juoman. Kuksa on valmistettu k\u00e4sity\u00f6n\u00e4 samoin kuin jokainen kuva, niinp\u00e4 jokainen kuksa on\u00a0 t\u00e4ysin uniikki. Vaikka kuva-aihe olisikin sama, silti&#8230;<\/p>\n","protected":false},"featured_media":1580,"comment_status":"open","ping_status":"closed","template":"","meta":[],"product_cat":[29],"product_tag":[],"yoast_head":"<!-- This site is optimized with the Yoast SEO plugin v20.6 - https:\/\/yoast.com\/wordpress\/plugins\/seo\/ -->\n<title>Snapsi\/ kaulakuksa - Sumu Usvan Design<\/title>\n<meta name=\"robots\" content=\"index, follow, max-snippet:-1, max-image-preview:large, max-video-preview:-1\" \/>\n<link rel=\"canonical\" href=\"https:\/\/sumuusvan.fi\/design\/tuote\/snapsi-kaulakuksa\/\" \/>\n<meta property=\"og:locale\" content=\"fi_FI\" \/>\n<meta property=\"og:type\" content=\"article\" \/>\n<meta property=\"og:title\" content=\"Snapsi\/ kaulakuksa - Sumu Usvan Design\" \/>\n<meta property=\"og:description\" content=\"Aito kotimainen k\u00e4sity\u00f6n\u00e4 valmistettu snapsikuksa ,josta voi nauttia piene ter\u00e4v\u00e4n juoman. Kuksa on valmistettu k\u00e4sity\u00f6n\u00e4 samoin kuin jokainen kuva, niinp\u00e4 jokainen kuksa on\u00a0 t\u00e4ysin uniikki. Vaikka kuva-aihe olisikin sama, silti...\" \/>\n<meta property=\"og:url\" content=\"https:\/\/sumuusvan.fi\/design\/tuote\/snapsi-kaulakuksa\/\" \/>\n<meta property=\"og:site_name\" content=\"Sumu Usvan Design\" \/>\n<meta property=\"article:modified_time\" content=\"2024-09-02T08:23:20+00:00\" \/>\n<meta property=\"og:image\" content=\"https:\/\/sumuusvan.fi\/design\/wp-content\/uploads\/sites\/2\/2010\/09\/Snapsikuksa-e1556176396741.jpg\" \/>\n\t<meta property=\"og:image:width\" content=\"1280\" \/>\n\t<meta property=\"og:image:height\" content=\"1280\" \/>\n\t<meta property=\"og:image:type\" content=\"image\/jpeg\" \/>\n<meta name=\"twitter:card\" content=\"summary_large_image\" \/>\n<meta name=\"twitter:label1\" content=\"Arvioitu lukuaika\" \/>\n\t<meta name=\"twitter:data1\" content=\"1 minuutti\" \/>\n<script type=\"application\/ld+json\" class=\"yoast-schema-graph\">{\"@context\":\"https:\/\/schema.org\",\"@graph\":[{\"@type\":\"WebPage\",\"@id\":\"https:\/\/sumuusvan.fi\/design\/tuote\/snapsi-kaulakuksa\/\",\"url\":\"https:\/\/sumuusvan.fi\/design\/tuote\/snapsi-kaulakuksa\/\",\"name\":\"Snapsi\/ kaulakuksa - Sumu Usvan Design\",\"isPartOf\":{\"@id\":\"https:\/\/sumuusvan.fi\/design\/#website\"},\"datePublished\":\"2020-11-24T12:15:22+00:00\",\"dateModified\":\"2024-09-02T08:23:20+00:00\",\"breadcrumb\":{\"@id\":\"https:\/\/sumuusvan.fi\/design\/tuote\/snapsi-kaulakuksa\/#breadcrumb\"},\"inLanguage\":\"fi\",\"potentialAction\":[{\"@type\":\"ReadAction\",\"target\":[\"https:\/\/sumuusvan.fi\/design\/tuote\/snapsi-kaulakuksa\/\"]}]},{\"@type\":\"BreadcrumbList\",\"@id\":\"https:\/\/sumuusvan.fi\/design\/tuote\/snapsi-kaulakuksa\/#breadcrumb\",\"itemListElement\":[{\"@type\":\"ListItem\",\"position\":1,\"name\":\"Home\",\"item\":\"https:\/\/sumuusvan.fi\/design\/\"},{\"@type\":\"ListItem\",\"position\":2,\"name\":\"Verkkokauppa\",\"item\":\"https:\/\/sumuusvan.fi\/design\/\"},{\"@type\":\"ListItem\",\"position\":3,\"name\":\"Snapsi\/ kaulakuksa\"}]},{\"@type\":\"WebSite\",\"@id\":\"https:\/\/sumuusvan.fi\/design\/#website\",\"url\":\"https:\/\/sumuusvan.fi\/design\/\",\"name\":\"Sumu Usvan Design\",\"description\":\"Lappilaisia k\u00e4sit\u00f6it\u00e4\",\"potentialAction\":[{\"@type\":\"SearchAction\",\"target\":{\"@type\":\"EntryPoint\",\"urlTemplate\":\"https:\/\/sumuusvan.fi\/design\/?s={search_term_string}\"},\"query-input\":\"required name=search_term_string\"}],\"inLanguage\":\"fi\"}]}<\/script>\n<!-- \/ Yoast SEO plugin. -->","yoast_head_json":{"title":"Snapsi\/ kaulakuksa - Sumu Usvan Design","robots":{"index":"index","follow":"follow","max-snippet":"max-snippet:-1","max-image-preview":"max-image-preview:large","max-video-preview":"max-video-preview:-1"},"canonical":"https:\/\/sumuusvan.fi\/design\/tuote\/snapsi-kaulakuksa\/","og_locale":"fi_FI","og_type":"article","og_title":"Snapsi\/ kaulakuksa - Sumu Usvan Design","og_description":"Aito kotimainen k\u00e4sity\u00f6n\u00e4 valmistettu snapsikuksa ,josta voi nauttia piene ter\u00e4v\u00e4n juoman. Kuksa on valmistettu k\u00e4sity\u00f6n\u00e4 samoin kuin jokainen kuva, niinp\u00e4 jokainen kuksa on\u00a0 t\u00e4ysin uniikki. Vaikka kuva-aihe olisikin sama, silti...","og_url":"https:\/\/sumuusvan.fi\/design\/tuote\/snapsi-kaulakuksa\/","og_site_name":"Sumu Usvan Design","article_modified_time":"2024-09-02T08:23:20+00:00","og_image":[{"width":1280,"height":1280,"url":"https:\/\/sumuusvan.fi\/design\/wp-content\/uploads\/sites\/2\/2010\/09\/Snapsikuksa-e1556176396741.jpg","type":"image\/jpeg"}],"twitter_card":"summary_large_image","twitter_misc":{"Arvioitu lukuaika":"1 minuutti"},"schema":{"@context":"https:\/\/schema.org","@graph":[{"@type":"WebPage","@id":"https:\/\/sumuusvan.fi\/design\/tuote\/snapsi-kaulakuksa\/","url":"https:\/\/sumuusvan.fi\/design\/tuote\/snapsi-kaulakuksa\/","name":"Snapsi\/ kaulakuksa - Sumu Usvan Design","isPartOf":{"@id":"https:\/\/sumuusvan.fi\/design\/#website"},"datePublished":"2020-11-24T12:15:22+00:00","dateModified":"2024-09-02T08:23:20+00:00","breadcrumb":{"@id":"https:\/\/sumuusvan.fi\/design\/tuote\/snapsi-kaulakuksa\/#breadcrumb"},"inLanguage":"fi","potentialAction":[{"@type":"ReadAction","target":["https:\/\/sumuusvan.fi\/design\/tuote\/snapsi-kaulakuksa\/"]}]},{"@type":"BreadcrumbList","@id":"https:\/\/sumuusvan.fi\/design\/tuote\/snapsi-kaulakuksa\/#breadcrumb","itemListElement":[{"@type":"ListItem","position":1,"name":"Home","item":"https:\/\/sumuusvan.fi\/design\/"},{"@type":"ListItem","position":2,"name":"Verkkokauppa","item":"https:\/\/sumuusvan.fi\/design\/"},{"@type":"ListItem","position":3,"name":"Snapsi\/ kaulakuksa"}]},{"@type":"WebSite","@id":"https:\/\/sumuusvan.fi\/design\/#website","url":"https:\/\/sumuusvan.fi\/design\/","name":"Sumu Usvan Design","description":"Lappilaisia k\u00e4sit\u00f6it\u00e4","potentialAction":[{"@type":"SearchAction","target":{"@type":"EntryPoint","urlTemplate":"https:\/\/sumuusvan.fi\/design\/?s={search_term_string}"},"query-input":"required name=search_term_string"}],"inLanguage":"fi"}]}},"_links":{"self":[{"href":"https:\/\/sumuusvan.fi\/design\/wp-json\/wp\/v2\/product\/1633"}],"collection":[{"href":"https:\/\/sumuusvan.fi\/design\/wp-json\/wp\/v2\/product"}],"about":[{"href":"https:\/\/sumuusvan.fi\/design\/wp-json\/wp\/v2\/types\/product"}],"replies":[{"embeddable":true,"href":"https:\/\/sumuusvan.fi\/design\/wp-json\/wp\/v2\/comments?post=1633"}],"wp:featuredmedia":[{"embeddable":true,"href":"https:\/\/sumuusvan.fi\/design\/wp-json\/wp\/v2\/media\/1580"}],"wp:attachment":[{"href":"https:\/\/sumuusvan.fi\/design\/wp-json\/wp\/v2\/media?parent=1633"}],"wp:term":[{"taxonomy":"product_cat","embeddable":true,"href":"https:\/\/sumuusvan.fi\/design\/wp-json\/wp\/v2\/product_cat?post=1633"},{"taxonomy":"product_tag","embeddable":true,"href":"https:\/\/sumuusvan.fi\/design\/wp-json\/wp\/v2\/product_tag?post=1633"}],"curies":[{"name":"wp","href":"https:\/\/api.w.org\/{rel}","templated":true}]}}