{"id":1672,"date":"2020-11-24T14:15:01","date_gmt":"2020-11-24T12:15:01","guid":{"rendered":"https:\/\/sumuusvan.fi\/design\/?post_type=product&#038;p=1672"},"modified":"2026-03-26T15:28:45","modified_gmt":"2026-03-26T13:28:45","slug":"kasvotaulut","status":"publish","type":"product","link":"https:\/\/sumuusvan.fi\/design\/tuote\/kasvotaulut\/","title":{"rendered":"Kasvotaulut"},"content":{"rendered":"<p>Iso kasvotaulu, kolmen koiran kuvalla. Kuvaan saa\u00a0 mukaan kennelin tms\u00a0 tekstin. Tukijalat ei sis\u00e4lly hintaan. My\u00f6s muita kuva-aiheita tilauksesta,kysy tarjous.<\/p>\n","protected":false},"excerpt":{"rendered":"<p>Iso kasvotaulu, kolmen koiran kuvalla. Kuvaan saa\u00a0 mukaan kennelin tms\u00a0 tekstin. Tukijalat ei sis\u00e4lly hintaan. My\u00f6s muita kuva-aiheita tilauksesta,kysy tarjous.<\/p>\n","protected":false},"featured_media":459,"comment_status":"open","ping_status":"closed","template":"","meta":[],"product_cat":[29],"product_tag":[],"yoast_head":"<!-- This site is optimized with the Yoast SEO plugin v20.6 - https:\/\/yoast.com\/wordpress\/plugins\/seo\/ -->\n<title>Kasvotaulut - Sumu Usvan Design<\/title>\n<meta name=\"robots\" content=\"index, follow, max-snippet:-1, max-image-preview:large, max-video-preview:-1\" \/>\n<link rel=\"canonical\" href=\"https:\/\/sumuusvan.fi\/design\/tuote\/kasvotaulut\/\" \/>\n<meta property=\"og:locale\" content=\"fi_FI\" \/>\n<meta property=\"og:type\" content=\"article\" \/>\n<meta property=\"og:title\" content=\"Kasvotaulut - Sumu Usvan Design\" \/>\n<meta property=\"og:description\" content=\"Iso kasvotaulu, kolmen koiran kuvalla. Kuvaan saa\u00a0 mukaan kennelin tms\u00a0 tekstin. Tukijalat ei sis\u00e4lly hintaan. My\u00f6s muita kuva-aiheita tilauksesta,kysy tarjous.\" \/>\n<meta property=\"og:url\" content=\"https:\/\/sumuusvan.fi\/design\/tuote\/kasvotaulut\/\" \/>\n<meta property=\"og:site_name\" content=\"Sumu Usvan Design\" \/>\n<meta property=\"article:modified_time\" content=\"2026-03-26T13:28:45+00:00\" \/>\n<meta property=\"og:image\" content=\"https:\/\/sumuusvan.fi\/design\/wp-content\/uploads\/sites\/2\/2019\/04\/huskynaamataulu-2.jpg\" \/>\n\t<meta property=\"og:image:width\" content=\"1536\" \/>\n\t<meta property=\"og:image:height\" content=\"2048\" \/>\n\t<meta property=\"og:image:type\" content=\"image\/jpeg\" \/>\n<meta name=\"twitter:card\" content=\"summary_large_image\" \/>\n<meta name=\"twitter:label1\" content=\"Arvioitu lukuaika\" \/>\n\t<meta name=\"twitter:data1\" content=\"1 minuutti\" \/>\n<script type=\"application\/ld+json\" class=\"yoast-schema-graph\">{\"@context\":\"https:\/\/schema.org\",\"@graph\":[{\"@type\":\"WebPage\",\"@id\":\"https:\/\/sumuusvan.fi\/design\/tuote\/kasvotaulut\/\",\"url\":\"https:\/\/sumuusvan.fi\/design\/tuote\/kasvotaulut\/\",\"name\":\"Kasvotaulut - Sumu Usvan Design\",\"isPartOf\":{\"@id\":\"https:\/\/sumuusvan.fi\/design\/#website\"},\"datePublished\":\"2020-11-24T12:15:01+00:00\",\"dateModified\":\"2026-03-26T13:28:45+00:00\",\"breadcrumb\":{\"@id\":\"https:\/\/sumuusvan.fi\/design\/tuote\/kasvotaulut\/#breadcrumb\"},\"inLanguage\":\"fi\",\"potentialAction\":[{\"@type\":\"ReadAction\",\"target\":[\"https:\/\/sumuusvan.fi\/design\/tuote\/kasvotaulut\/\"]}]},{\"@type\":\"BreadcrumbList\",\"@id\":\"https:\/\/sumuusvan.fi\/design\/tuote\/kasvotaulut\/#breadcrumb\",\"itemListElement\":[{\"@type\":\"ListItem\",\"position\":1,\"name\":\"Home\",\"item\":\"https:\/\/sumuusvan.fi\/design\/\"},{\"@type\":\"ListItem\",\"position\":2,\"name\":\"Verkkokauppa\",\"item\":\"https:\/\/sumuusvan.fi\/design\/\"},{\"@type\":\"ListItem\",\"position\":3,\"name\":\"Kasvotaulut\"}]},{\"@type\":\"WebSite\",\"@id\":\"https:\/\/sumuusvan.fi\/design\/#website\",\"url\":\"https:\/\/sumuusvan.fi\/design\/\",\"name\":\"Sumu Usvan Design\",\"description\":\"Lappilaisia k\u00e4sit\u00f6it\u00e4\",\"potentialAction\":[{\"@type\":\"SearchAction\",\"target\":{\"@type\":\"EntryPoint\",\"urlTemplate\":\"https:\/\/sumuusvan.fi\/design\/?s={search_term_string}\"},\"query-input\":\"required name=search_term_string\"}],\"inLanguage\":\"fi\"}]}<\/script>\n<!-- \/ Yoast SEO plugin. -->","yoast_head_json":{"title":"Kasvotaulut - Sumu Usvan Design","robots":{"index":"index","follow":"follow","max-snippet":"max-snippet:-1","max-image-preview":"max-image-preview:large","max-video-preview":"max-video-preview:-1"},"canonical":"https:\/\/sumuusvan.fi\/design\/tuote\/kasvotaulut\/","og_locale":"fi_FI","og_type":"article","og_title":"Kasvotaulut - Sumu Usvan Design","og_description":"Iso kasvotaulu, kolmen koiran kuvalla. Kuvaan saa\u00a0 mukaan kennelin tms\u00a0 tekstin. Tukijalat ei sis\u00e4lly hintaan. My\u00f6s muita kuva-aiheita tilauksesta,kysy tarjous.","og_url":"https:\/\/sumuusvan.fi\/design\/tuote\/kasvotaulut\/","og_site_name":"Sumu Usvan Design","article_modified_time":"2026-03-26T13:28:45+00:00","og_image":[{"width":1536,"height":2048,"url":"https:\/\/sumuusvan.fi\/design\/wp-content\/uploads\/sites\/2\/2019\/04\/huskynaamataulu-2.jpg","type":"image\/jpeg"}],"twitter_card":"summary_large_image","twitter_misc":{"Arvioitu lukuaika":"1 minuutti"},"schema":{"@context":"https:\/\/schema.org","@graph":[{"@type":"WebPage","@id":"https:\/\/sumuusvan.fi\/design\/tuote\/kasvotaulut\/","url":"https:\/\/sumuusvan.fi\/design\/tuote\/kasvotaulut\/","name":"Kasvotaulut - Sumu Usvan Design","isPartOf":{"@id":"https:\/\/sumuusvan.fi\/design\/#website"},"datePublished":"2020-11-24T12:15:01+00:00","dateModified":"2026-03-26T13:28:45+00:00","breadcrumb":{"@id":"https:\/\/sumuusvan.fi\/design\/tuote\/kasvotaulut\/#breadcrumb"},"inLanguage":"fi","potentialAction":[{"@type":"ReadAction","target":["https:\/\/sumuusvan.fi\/design\/tuote\/kasvotaulut\/"]}]},{"@type":"BreadcrumbList","@id":"https:\/\/sumuusvan.fi\/design\/tuote\/kasvotaulut\/#breadcrumb","itemListElement":[{"@type":"ListItem","position":1,"name":"Home","item":"https:\/\/sumuusvan.fi\/design\/"},{"@type":"ListItem","position":2,"name":"Verkkokauppa","item":"https:\/\/sumuusvan.fi\/design\/"},{"@type":"ListItem","position":3,"name":"Kasvotaulut"}]},{"@type":"WebSite","@id":"https:\/\/sumuusvan.fi\/design\/#website","url":"https:\/\/sumuusvan.fi\/design\/","name":"Sumu Usvan Design","description":"Lappilaisia k\u00e4sit\u00f6it\u00e4","potentialAction":[{"@type":"SearchAction","target":{"@type":"EntryPoint","urlTemplate":"https:\/\/sumuusvan.fi\/design\/?s={search_term_string}"},"query-input":"required name=search_term_string"}],"inLanguage":"fi"}]}},"_links":{"self":[{"href":"https:\/\/sumuusvan.fi\/design\/wp-json\/wp\/v2\/product\/1672"}],"collection":[{"href":"https:\/\/sumuusvan.fi\/design\/wp-json\/wp\/v2\/product"}],"about":[{"href":"https:\/\/sumuusvan.fi\/design\/wp-json\/wp\/v2\/types\/product"}],"replies":[{"embeddable":true,"href":"https:\/\/sumuusvan.fi\/design\/wp-json\/wp\/v2\/comments?post=1672"}],"wp:featuredmedia":[{"embeddable":true,"href":"https:\/\/sumuusvan.fi\/design\/wp-json\/wp\/v2\/media\/459"}],"wp:attachment":[{"href":"https:\/\/sumuusvan.fi\/design\/wp-json\/wp\/v2\/media?parent=1672"}],"wp:term":[{"taxonomy":"product_cat","embeddable":true,"href":"https:\/\/sumuusvan.fi\/design\/wp-json\/wp\/v2\/product_cat?post=1672"},{"taxonomy":"product_tag","embeddable":true,"href":"https:\/\/sumuusvan.fi\/design\/wp-json\/wp\/v2\/product_tag?post=1672"}],"curies":[{"name":"wp","href":"https:\/\/api.w.org\/{rel}","templated":true}]}}