{"id":1674,"date":"2020-11-09T18:48:23","date_gmt":"2020-11-09T16:48:23","guid":{"rendered":"https:\/\/sumuusvan.fi\/design\/?post_type=product&#038;p=1674"},"modified":"2026-05-03T13:06:48","modified_gmt":"2026-05-03T10:06:48","slug":"makkaratikku-visa","status":"publish","type":"product","link":"https:\/\/sumuusvan.fi\/design\/tuote\/makkaratikku-visa\/","title":{"rendered":"Makkaratikku  visa"},"content":{"rendered":"<p>Aidosta visakoivusta valmistettu makkaratikku,\u00a0 80 cm. Yksil\u00f6lliset k\u00e4sinkaiverretut tekstit tai kuvat.<\/p>\n","protected":false},"excerpt":{"rendered":"<p>Aidosta visakoivusta valmistettu makkaratikku,\u00a0 80 cm. Yksil\u00f6lliset k\u00e4sinkaiverretut tekstit tai kuvat.<\/p>\n","protected":false},"featured_media":1566,"comment_status":"open","ping_status":"closed","template":"","meta":[],"product_cat":[29],"product_tag":[],"yoast_head":"<!-- This site is optimized with the Yoast SEO plugin v20.6 - https:\/\/yoast.com\/wordpress\/plugins\/seo\/ -->\n<title>Makkaratikku visa - Sumu Usvan Design<\/title>\n<meta name=\"robots\" content=\"index, follow, max-snippet:-1, max-image-preview:large, max-video-preview:-1\" \/>\n<link rel=\"canonical\" href=\"https:\/\/sumuusvan.fi\/design\/tuote\/makkaratikku-visa\/\" \/>\n<meta property=\"og:locale\" content=\"fi_FI\" \/>\n<meta property=\"og:type\" content=\"article\" \/>\n<meta property=\"og:title\" content=\"Makkaratikku visa - Sumu Usvan Design\" \/>\n<meta property=\"og:description\" content=\"Aidosta visakoivusta valmistettu makkaratikku,\u00a0 80 cm. Yksil\u00f6lliset k\u00e4sinkaiverretut tekstit tai kuvat.\" \/>\n<meta property=\"og:url\" content=\"https:\/\/sumuusvan.fi\/design\/tuote\/makkaratikku-visa\/\" \/>\n<meta property=\"og:site_name\" content=\"Sumu Usvan Design\" \/>\n<meta property=\"article:modified_time\" content=\"2026-05-03T10:06:48+00:00\" \/>\n<meta property=\"og:image\" content=\"https:\/\/sumuusvan.fi\/design\/wp-content\/uploads\/sites\/2\/2010\/09\/IMG_5428.jpg\" \/>\n\t<meta property=\"og:image:width\" content=\"2048\" \/>\n\t<meta property=\"og:image:height\" content=\"1367\" \/>\n\t<meta property=\"og:image:type\" content=\"image\/jpeg\" \/>\n<meta name=\"twitter:card\" content=\"summary_large_image\" \/>\n<meta name=\"twitter:label1\" content=\"Arvioitu lukuaika\" \/>\n\t<meta name=\"twitter:data1\" content=\"1 minuutti\" \/>\n<script type=\"application\/ld+json\" class=\"yoast-schema-graph\">{\"@context\":\"https:\/\/schema.org\",\"@graph\":[{\"@type\":\"WebPage\",\"@id\":\"https:\/\/sumuusvan.fi\/design\/tuote\/makkaratikku-visa\/\",\"url\":\"https:\/\/sumuusvan.fi\/design\/tuote\/makkaratikku-visa\/\",\"name\":\"Makkaratikku visa - Sumu Usvan Design\",\"isPartOf\":{\"@id\":\"https:\/\/sumuusvan.fi\/design\/#website\"},\"datePublished\":\"2020-11-09T16:48:23+00:00\",\"dateModified\":\"2026-05-03T10:06:48+00:00\",\"breadcrumb\":{\"@id\":\"https:\/\/sumuusvan.fi\/design\/tuote\/makkaratikku-visa\/#breadcrumb\"},\"inLanguage\":\"fi\",\"potentialAction\":[{\"@type\":\"ReadAction\",\"target\":[\"https:\/\/sumuusvan.fi\/design\/tuote\/makkaratikku-visa\/\"]}]},{\"@type\":\"BreadcrumbList\",\"@id\":\"https:\/\/sumuusvan.fi\/design\/tuote\/makkaratikku-visa\/#breadcrumb\",\"itemListElement\":[{\"@type\":\"ListItem\",\"position\":1,\"name\":\"Home\",\"item\":\"https:\/\/sumuusvan.fi\/design\/\"},{\"@type\":\"ListItem\",\"position\":2,\"name\":\"Verkkokauppa\",\"item\":\"https:\/\/sumuusvan.fi\/design\/\"},{\"@type\":\"ListItem\",\"position\":3,\"name\":\"Makkaratikku visa\"}]},{\"@type\":\"WebSite\",\"@id\":\"https:\/\/sumuusvan.fi\/design\/#website\",\"url\":\"https:\/\/sumuusvan.fi\/design\/\",\"name\":\"Sumu Usvan Design\",\"description\":\"Lappilaisia k\u00e4sit\u00f6it\u00e4\",\"potentialAction\":[{\"@type\":\"SearchAction\",\"target\":{\"@type\":\"EntryPoint\",\"urlTemplate\":\"https:\/\/sumuusvan.fi\/design\/?s={search_term_string}\"},\"query-input\":\"required name=search_term_string\"}],\"inLanguage\":\"fi\"}]}<\/script>\n<!-- \/ Yoast SEO plugin. -->","yoast_head_json":{"title":"Makkaratikku visa - Sumu Usvan Design","robots":{"index":"index","follow":"follow","max-snippet":"max-snippet:-1","max-image-preview":"max-image-preview:large","max-video-preview":"max-video-preview:-1"},"canonical":"https:\/\/sumuusvan.fi\/design\/tuote\/makkaratikku-visa\/","og_locale":"fi_FI","og_type":"article","og_title":"Makkaratikku visa - Sumu Usvan Design","og_description":"Aidosta visakoivusta valmistettu makkaratikku,\u00a0 80 cm. Yksil\u00f6lliset k\u00e4sinkaiverretut tekstit tai kuvat.","og_url":"https:\/\/sumuusvan.fi\/design\/tuote\/makkaratikku-visa\/","og_site_name":"Sumu Usvan Design","article_modified_time":"2026-05-03T10:06:48+00:00","og_image":[{"width":2048,"height":1367,"url":"https:\/\/sumuusvan.fi\/design\/wp-content\/uploads\/sites\/2\/2010\/09\/IMG_5428.jpg","type":"image\/jpeg"}],"twitter_card":"summary_large_image","twitter_misc":{"Arvioitu lukuaika":"1 minuutti"},"schema":{"@context":"https:\/\/schema.org","@graph":[{"@type":"WebPage","@id":"https:\/\/sumuusvan.fi\/design\/tuote\/makkaratikku-visa\/","url":"https:\/\/sumuusvan.fi\/design\/tuote\/makkaratikku-visa\/","name":"Makkaratikku visa - Sumu Usvan Design","isPartOf":{"@id":"https:\/\/sumuusvan.fi\/design\/#website"},"datePublished":"2020-11-09T16:48:23+00:00","dateModified":"2026-05-03T10:06:48+00:00","breadcrumb":{"@id":"https:\/\/sumuusvan.fi\/design\/tuote\/makkaratikku-visa\/#breadcrumb"},"inLanguage":"fi","potentialAction":[{"@type":"ReadAction","target":["https:\/\/sumuusvan.fi\/design\/tuote\/makkaratikku-visa\/"]}]},{"@type":"BreadcrumbList","@id":"https:\/\/sumuusvan.fi\/design\/tuote\/makkaratikku-visa\/#breadcrumb","itemListElement":[{"@type":"ListItem","position":1,"name":"Home","item":"https:\/\/sumuusvan.fi\/design\/"},{"@type":"ListItem","position":2,"name":"Verkkokauppa","item":"https:\/\/sumuusvan.fi\/design\/"},{"@type":"ListItem","position":3,"name":"Makkaratikku visa"}]},{"@type":"WebSite","@id":"https:\/\/sumuusvan.fi\/design\/#website","url":"https:\/\/sumuusvan.fi\/design\/","name":"Sumu Usvan Design","description":"Lappilaisia k\u00e4sit\u00f6it\u00e4","potentialAction":[{"@type":"SearchAction","target":{"@type":"EntryPoint","urlTemplate":"https:\/\/sumuusvan.fi\/design\/?s={search_term_string}"},"query-input":"required name=search_term_string"}],"inLanguage":"fi"}]}},"_links":{"self":[{"href":"https:\/\/sumuusvan.fi\/design\/wp-json\/wp\/v2\/product\/1674"}],"collection":[{"href":"https:\/\/sumuusvan.fi\/design\/wp-json\/wp\/v2\/product"}],"about":[{"href":"https:\/\/sumuusvan.fi\/design\/wp-json\/wp\/v2\/types\/product"}],"replies":[{"embeddable":true,"href":"https:\/\/sumuusvan.fi\/design\/wp-json\/wp\/v2\/comments?post=1674"}],"wp:featuredmedia":[{"embeddable":true,"href":"https:\/\/sumuusvan.fi\/design\/wp-json\/wp\/v2\/media\/1566"}],"wp:attachment":[{"href":"https:\/\/sumuusvan.fi\/design\/wp-json\/wp\/v2\/media?parent=1674"}],"wp:term":[{"taxonomy":"product_cat","embeddable":true,"href":"https:\/\/sumuusvan.fi\/design\/wp-json\/wp\/v2\/product_cat?post=1674"},{"taxonomy":"product_tag","embeddable":true,"href":"https:\/\/sumuusvan.fi\/design\/wp-json\/wp\/v2\/product_tag?post=1674"}],"curies":[{"name":"wp","href":"https:\/\/api.w.org\/{rel}","templated":true}]}}