{"id":1681,"date":"2020-11-24T14:15:02","date_gmt":"2020-11-24T12:15:02","guid":{"rendered":"https:\/\/sumuusvan.fi\/design\/?post_type=product&#038;p=1681"},"modified":"2026-04-29T13:55:45","modified_gmt":"2026-04-29T10:55:45","slug":"magneetti-luu","status":"publish","type":"product","link":"https:\/\/sumuusvan.fi\/design\/tuote\/magneetti-luu\/","title":{"rendered":"Magneetti , luu"},"content":{"rendered":"<p>Aidosta poronsarvesta valmistettu magneetti, jossa k\u00e4sintehdyt yksil\u00f6lliset kaiverruskuvat. Luupohjan koot ja muoto vaihtelee. My\u00f6s muita kuva-aiheita saatavilla. Vahva magneetti nappi.<\/p>\n","protected":false},"excerpt":{"rendered":"<p>Aidosta poronsarvesta valmistettu magneetti, jossa k\u00e4sintehdyt yksil\u00f6lliset kaiverruskuvat. Luupohjan koot ja muoto vaihtelee. My\u00f6s muita kuva-aiheita saatavilla. Vahva magneetti nappi.<\/p>\n","protected":false},"featured_media":1682,"comment_status":"open","ping_status":"closed","template":"","meta":[],"product_cat":[29],"product_tag":[],"yoast_head":"<!-- This site is optimized with the Yoast SEO plugin v20.6 - https:\/\/yoast.com\/wordpress\/plugins\/seo\/ -->\n<title>Magneetti , luu - Sumu Usvan Design<\/title>\n<meta name=\"robots\" content=\"index, follow, max-snippet:-1, max-image-preview:large, max-video-preview:-1\" \/>\n<link rel=\"canonical\" href=\"https:\/\/sumuusvan.fi\/design\/tuote\/magneetti-luu\/\" \/>\n<meta property=\"og:locale\" content=\"fi_FI\" \/>\n<meta property=\"og:type\" content=\"article\" \/>\n<meta property=\"og:title\" content=\"Magneetti , luu - Sumu Usvan Design\" \/>\n<meta property=\"og:description\" content=\"Aidosta poronsarvesta valmistettu magneetti, jossa k\u00e4sintehdyt yksil\u00f6lliset kaiverruskuvat. Luupohjan koot ja muoto vaihtelee. My\u00f6s muita kuva-aiheita saatavilla. Vahva magneetti nappi.\" \/>\n<meta property=\"og:url\" content=\"https:\/\/sumuusvan.fi\/design\/tuote\/magneetti-luu\/\" \/>\n<meta property=\"og:site_name\" content=\"Sumu Usvan Design\" \/>\n<meta property=\"article:modified_time\" content=\"2026-04-29T10:55:45+00:00\" \/>\n<meta property=\"og:image\" content=\"https:\/\/sumuusvan.fi\/design\/wp-content\/uploads\/sites\/2\/2020\/11\/magneetti-luu.jpg\" \/>\n\t<meta property=\"og:image:width\" content=\"1280\" \/>\n\t<meta property=\"og:image:height\" content=\"1280\" \/>\n\t<meta property=\"og:image:type\" content=\"image\/jpeg\" \/>\n<meta name=\"twitter:card\" content=\"summary_large_image\" \/>\n<meta name=\"twitter:label1\" content=\"Arvioitu lukuaika\" \/>\n\t<meta name=\"twitter:data1\" content=\"1 minuutti\" \/>\n<script type=\"application\/ld+json\" class=\"yoast-schema-graph\">{\"@context\":\"https:\/\/schema.org\",\"@graph\":[{\"@type\":\"WebPage\",\"@id\":\"https:\/\/sumuusvan.fi\/design\/tuote\/magneetti-luu\/\",\"url\":\"https:\/\/sumuusvan.fi\/design\/tuote\/magneetti-luu\/\",\"name\":\"Magneetti , luu - Sumu Usvan Design\",\"isPartOf\":{\"@id\":\"https:\/\/sumuusvan.fi\/design\/#website\"},\"datePublished\":\"2020-11-24T12:15:02+00:00\",\"dateModified\":\"2026-04-29T10:55:45+00:00\",\"breadcrumb\":{\"@id\":\"https:\/\/sumuusvan.fi\/design\/tuote\/magneetti-luu\/#breadcrumb\"},\"inLanguage\":\"fi\",\"potentialAction\":[{\"@type\":\"ReadAction\",\"target\":[\"https:\/\/sumuusvan.fi\/design\/tuote\/magneetti-luu\/\"]}]},{\"@type\":\"BreadcrumbList\",\"@id\":\"https:\/\/sumuusvan.fi\/design\/tuote\/magneetti-luu\/#breadcrumb\",\"itemListElement\":[{\"@type\":\"ListItem\",\"position\":1,\"name\":\"Home\",\"item\":\"https:\/\/sumuusvan.fi\/design\/\"},{\"@type\":\"ListItem\",\"position\":2,\"name\":\"Verkkokauppa\",\"item\":\"https:\/\/sumuusvan.fi\/design\/\"},{\"@type\":\"ListItem\",\"position\":3,\"name\":\"Magneetti , luu\"}]},{\"@type\":\"WebSite\",\"@id\":\"https:\/\/sumuusvan.fi\/design\/#website\",\"url\":\"https:\/\/sumuusvan.fi\/design\/\",\"name\":\"Sumu Usvan Design\",\"description\":\"Lappilaisia k\u00e4sit\u00f6it\u00e4\",\"potentialAction\":[{\"@type\":\"SearchAction\",\"target\":{\"@type\":\"EntryPoint\",\"urlTemplate\":\"https:\/\/sumuusvan.fi\/design\/?s={search_term_string}\"},\"query-input\":\"required name=search_term_string\"}],\"inLanguage\":\"fi\"}]}<\/script>\n<!-- \/ Yoast SEO plugin. -->","yoast_head_json":{"title":"Magneetti , luu - Sumu Usvan Design","robots":{"index":"index","follow":"follow","max-snippet":"max-snippet:-1","max-image-preview":"max-image-preview:large","max-video-preview":"max-video-preview:-1"},"canonical":"https:\/\/sumuusvan.fi\/design\/tuote\/magneetti-luu\/","og_locale":"fi_FI","og_type":"article","og_title":"Magneetti , luu - Sumu Usvan Design","og_description":"Aidosta poronsarvesta valmistettu magneetti, jossa k\u00e4sintehdyt yksil\u00f6lliset kaiverruskuvat. Luupohjan koot ja muoto vaihtelee. My\u00f6s muita kuva-aiheita saatavilla. Vahva magneetti nappi.","og_url":"https:\/\/sumuusvan.fi\/design\/tuote\/magneetti-luu\/","og_site_name":"Sumu Usvan Design","article_modified_time":"2026-04-29T10:55:45+00:00","og_image":[{"width":1280,"height":1280,"url":"https:\/\/sumuusvan.fi\/design\/wp-content\/uploads\/sites\/2\/2020\/11\/magneetti-luu.jpg","type":"image\/jpeg"}],"twitter_card":"summary_large_image","twitter_misc":{"Arvioitu lukuaika":"1 minuutti"},"schema":{"@context":"https:\/\/schema.org","@graph":[{"@type":"WebPage","@id":"https:\/\/sumuusvan.fi\/design\/tuote\/magneetti-luu\/","url":"https:\/\/sumuusvan.fi\/design\/tuote\/magneetti-luu\/","name":"Magneetti , luu - Sumu Usvan Design","isPartOf":{"@id":"https:\/\/sumuusvan.fi\/design\/#website"},"datePublished":"2020-11-24T12:15:02+00:00","dateModified":"2026-04-29T10:55:45+00:00","breadcrumb":{"@id":"https:\/\/sumuusvan.fi\/design\/tuote\/magneetti-luu\/#breadcrumb"},"inLanguage":"fi","potentialAction":[{"@type":"ReadAction","target":["https:\/\/sumuusvan.fi\/design\/tuote\/magneetti-luu\/"]}]},{"@type":"BreadcrumbList","@id":"https:\/\/sumuusvan.fi\/design\/tuote\/magneetti-luu\/#breadcrumb","itemListElement":[{"@type":"ListItem","position":1,"name":"Home","item":"https:\/\/sumuusvan.fi\/design\/"},{"@type":"ListItem","position":2,"name":"Verkkokauppa","item":"https:\/\/sumuusvan.fi\/design\/"},{"@type":"ListItem","position":3,"name":"Magneetti , luu"}]},{"@type":"WebSite","@id":"https:\/\/sumuusvan.fi\/design\/#website","url":"https:\/\/sumuusvan.fi\/design\/","name":"Sumu Usvan Design","description":"Lappilaisia k\u00e4sit\u00f6it\u00e4","potentialAction":[{"@type":"SearchAction","target":{"@type":"EntryPoint","urlTemplate":"https:\/\/sumuusvan.fi\/design\/?s={search_term_string}"},"query-input":"required name=search_term_string"}],"inLanguage":"fi"}]}},"_links":{"self":[{"href":"https:\/\/sumuusvan.fi\/design\/wp-json\/wp\/v2\/product\/1681"}],"collection":[{"href":"https:\/\/sumuusvan.fi\/design\/wp-json\/wp\/v2\/product"}],"about":[{"href":"https:\/\/sumuusvan.fi\/design\/wp-json\/wp\/v2\/types\/product"}],"replies":[{"embeddable":true,"href":"https:\/\/sumuusvan.fi\/design\/wp-json\/wp\/v2\/comments?post=1681"}],"wp:featuredmedia":[{"embeddable":true,"href":"https:\/\/sumuusvan.fi\/design\/wp-json\/wp\/v2\/media\/1682"}],"wp:attachment":[{"href":"https:\/\/sumuusvan.fi\/design\/wp-json\/wp\/v2\/media?parent=1681"}],"wp:term":[{"taxonomy":"product_cat","embeddable":true,"href":"https:\/\/sumuusvan.fi\/design\/wp-json\/wp\/v2\/product_cat?post=1681"},{"taxonomy":"product_tag","embeddable":true,"href":"https:\/\/sumuusvan.fi\/design\/wp-json\/wp\/v2\/product_tag?post=1681"}],"curies":[{"name":"wp","href":"https:\/\/api.w.org\/{rel}","templated":true}]}}