{"id":1696,"date":"2020-11-24T14:15:01","date_gmt":"2020-11-24T12:15:01","guid":{"rendered":"https:\/\/sumuusvan.fi\/design\/?post_type=product&#038;p=1696"},"modified":"2024-11-05T15:31:45","modified_gmt":"2024-11-05T13:31:45","slug":"vieraskirja-nahkainen","status":"publish","type":"product","link":"https:\/\/sumuusvan.fi\/design\/tuote\/vieraskirja-nahkainen\/","title":{"rendered":"Vieraskirja , nahkainen"},"content":{"rendered":"<p>Poron nahasta valmistettu vieraskirja, 5 sivuinen kannen kanssa. K\u00e4sity\u00f6n\u00e4 tehty ja poltettu kuva toiveiden mukaan. Kiva idea esim valmistujaisiin, h\u00e4ihin, tupaantulijaisiin jne. Koko noin 19 x 23 cm<\/p>\n","protected":false},"excerpt":{"rendered":"[avaquote]\n","protected":false},"featured_media":1561,"comment_status":"open","ping_status":"closed","template":"","meta":[],"product_cat":[29],"product_tag":[],"yoast_head":"<!-- This site is optimized with the Yoast SEO plugin v20.6 - https:\/\/yoast.com\/wordpress\/plugins\/seo\/ -->\n<title>Vieraskirja , nahkainen - Sumu Usvan Design<\/title>\n<meta name=\"robots\" content=\"index, follow, max-snippet:-1, max-image-preview:large, max-video-preview:-1\" \/>\n<link rel=\"canonical\" href=\"https:\/\/sumuusvan.fi\/design\/tuote\/vieraskirja-nahkainen\/\" \/>\n<meta property=\"og:locale\" content=\"fi_FI\" \/>\n<meta property=\"og:type\" content=\"article\" \/>\n<meta property=\"og:title\" content=\"Vieraskirja , nahkainen - Sumu Usvan Design\" \/>\n<meta property=\"og:url\" content=\"https:\/\/sumuusvan.fi\/design\/tuote\/vieraskirja-nahkainen\/\" \/>\n<meta property=\"og:site_name\" content=\"Sumu Usvan Design\" \/>\n<meta property=\"article:modified_time\" content=\"2024-11-05T13:31:45+00:00\" \/>\n<meta property=\"og:image\" content=\"https:\/\/sumuusvan.fi\/design\/wp-content\/uploads\/sites\/2\/2010\/09\/Vieraskirja-e1555271561143.jpg\" \/>\n\t<meta property=\"og:image:width\" content=\"1367\" \/>\n\t<meta property=\"og:image:height\" content=\"2048\" \/>\n\t<meta property=\"og:image:type\" content=\"image\/jpeg\" \/>\n<meta name=\"twitter:card\" content=\"summary_large_image\" \/>\n<meta name=\"twitter:description\" content=\"[avaquote]\" \/>\n<script type=\"application\/ld+json\" class=\"yoast-schema-graph\">{\"@context\":\"https:\/\/schema.org\",\"@graph\":[{\"@type\":\"WebPage\",\"@id\":\"https:\/\/sumuusvan.fi\/design\/tuote\/vieraskirja-nahkainen\/\",\"url\":\"https:\/\/sumuusvan.fi\/design\/tuote\/vieraskirja-nahkainen\/\",\"name\":\"Vieraskirja , nahkainen - Sumu Usvan Design\",\"isPartOf\":{\"@id\":\"https:\/\/sumuusvan.fi\/design\/#website\"},\"datePublished\":\"2020-11-24T12:15:01+00:00\",\"dateModified\":\"2024-11-05T13:31:45+00:00\",\"breadcrumb\":{\"@id\":\"https:\/\/sumuusvan.fi\/design\/tuote\/vieraskirja-nahkainen\/#breadcrumb\"},\"inLanguage\":\"fi\",\"potentialAction\":[{\"@type\":\"ReadAction\",\"target\":[\"https:\/\/sumuusvan.fi\/design\/tuote\/vieraskirja-nahkainen\/\"]}]},{\"@type\":\"BreadcrumbList\",\"@id\":\"https:\/\/sumuusvan.fi\/design\/tuote\/vieraskirja-nahkainen\/#breadcrumb\",\"itemListElement\":[{\"@type\":\"ListItem\",\"position\":1,\"name\":\"Home\",\"item\":\"https:\/\/sumuusvan.fi\/design\/\"},{\"@type\":\"ListItem\",\"position\":2,\"name\":\"Verkkokauppa\",\"item\":\"https:\/\/sumuusvan.fi\/design\/\"},{\"@type\":\"ListItem\",\"position\":3,\"name\":\"Vieraskirja , nahkainen\"}]},{\"@type\":\"WebSite\",\"@id\":\"https:\/\/sumuusvan.fi\/design\/#website\",\"url\":\"https:\/\/sumuusvan.fi\/design\/\",\"name\":\"Sumu Usvan Design\",\"description\":\"Lappilaisia k\u00e4sit\u00f6it\u00e4\",\"potentialAction\":[{\"@type\":\"SearchAction\",\"target\":{\"@type\":\"EntryPoint\",\"urlTemplate\":\"https:\/\/sumuusvan.fi\/design\/?s={search_term_string}\"},\"query-input\":\"required name=search_term_string\"}],\"inLanguage\":\"fi\"}]}<\/script>\n<!-- \/ Yoast SEO plugin. -->","yoast_head_json":{"title":"Vieraskirja , nahkainen - Sumu Usvan Design","robots":{"index":"index","follow":"follow","max-snippet":"max-snippet:-1","max-image-preview":"max-image-preview:large","max-video-preview":"max-video-preview:-1"},"canonical":"https:\/\/sumuusvan.fi\/design\/tuote\/vieraskirja-nahkainen\/","og_locale":"fi_FI","og_type":"article","og_title":"Vieraskirja , nahkainen - Sumu Usvan Design","og_url":"https:\/\/sumuusvan.fi\/design\/tuote\/vieraskirja-nahkainen\/","og_site_name":"Sumu Usvan Design","article_modified_time":"2024-11-05T13:31:45+00:00","og_image":[{"width":1367,"height":2048,"url":"https:\/\/sumuusvan.fi\/design\/wp-content\/uploads\/sites\/2\/2010\/09\/Vieraskirja-e1555271561143.jpg","type":"image\/jpeg"}],"twitter_card":"summary_large_image","twitter_description":"[avaquote]","schema":{"@context":"https:\/\/schema.org","@graph":[{"@type":"WebPage","@id":"https:\/\/sumuusvan.fi\/design\/tuote\/vieraskirja-nahkainen\/","url":"https:\/\/sumuusvan.fi\/design\/tuote\/vieraskirja-nahkainen\/","name":"Vieraskirja , nahkainen - Sumu Usvan Design","isPartOf":{"@id":"https:\/\/sumuusvan.fi\/design\/#website"},"datePublished":"2020-11-24T12:15:01+00:00","dateModified":"2024-11-05T13:31:45+00:00","breadcrumb":{"@id":"https:\/\/sumuusvan.fi\/design\/tuote\/vieraskirja-nahkainen\/#breadcrumb"},"inLanguage":"fi","potentialAction":[{"@type":"ReadAction","target":["https:\/\/sumuusvan.fi\/design\/tuote\/vieraskirja-nahkainen\/"]}]},{"@type":"BreadcrumbList","@id":"https:\/\/sumuusvan.fi\/design\/tuote\/vieraskirja-nahkainen\/#breadcrumb","itemListElement":[{"@type":"ListItem","position":1,"name":"Home","item":"https:\/\/sumuusvan.fi\/design\/"},{"@type":"ListItem","position":2,"name":"Verkkokauppa","item":"https:\/\/sumuusvan.fi\/design\/"},{"@type":"ListItem","position":3,"name":"Vieraskirja , nahkainen"}]},{"@type":"WebSite","@id":"https:\/\/sumuusvan.fi\/design\/#website","url":"https:\/\/sumuusvan.fi\/design\/","name":"Sumu Usvan Design","description":"Lappilaisia k\u00e4sit\u00f6it\u00e4","potentialAction":[{"@type":"SearchAction","target":{"@type":"EntryPoint","urlTemplate":"https:\/\/sumuusvan.fi\/design\/?s={search_term_string}"},"query-input":"required name=search_term_string"}],"inLanguage":"fi"}]}},"_links":{"self":[{"href":"https:\/\/sumuusvan.fi\/design\/wp-json\/wp\/v2\/product\/1696"}],"collection":[{"href":"https:\/\/sumuusvan.fi\/design\/wp-json\/wp\/v2\/product"}],"about":[{"href":"https:\/\/sumuusvan.fi\/design\/wp-json\/wp\/v2\/types\/product"}],"replies":[{"embeddable":true,"href":"https:\/\/sumuusvan.fi\/design\/wp-json\/wp\/v2\/comments?post=1696"}],"wp:featuredmedia":[{"embeddable":true,"href":"https:\/\/sumuusvan.fi\/design\/wp-json\/wp\/v2\/media\/1561"}],"wp:attachment":[{"href":"https:\/\/sumuusvan.fi\/design\/wp-json\/wp\/v2\/media?parent=1696"}],"wp:term":[{"taxonomy":"product_cat","embeddable":true,"href":"https:\/\/sumuusvan.fi\/design\/wp-json\/wp\/v2\/product_cat?post=1696"},{"taxonomy":"product_tag","embeddable":true,"href":"https:\/\/sumuusvan.fi\/design\/wp-json\/wp\/v2\/product_tag?post=1696"}],"curies":[{"name":"wp","href":"https:\/\/api.w.org\/{rel}","templated":true}]}}